{"id":3,"date":"2020-07-26T13:30:21","date_gmt":"2020-07-26T11:30:21","guid":{"rendered":"http:\/\/lemonstreduplacard.be\/?page_id=3"},"modified":"2020-08-02T22:37:30","modified_gmt":"2020-08-02T20:37:30","slug":"politique-de-confidentialite","status":"publish","type":"page","link":"https:\/\/lemonstreduplacard.be\/?page_id=3","title":{"rendered":"Mentions legales"},"content":{"rendered":"\n<h2>Presentation du site<\/h2>\n\n\n\n<p>Le monstre du placard (http:\/\/www.lemonstreduplacard.be) est un blog personnel&nbsp;h\u00e9berg\u00e9 chez&nbsp;OVH, dont le si\u00e8ge social est sis 2 rue Kellermann \u2013 59100 Roubaix \u2013 France.<\/p>\n\n\n\n<p>L\u2019\u00e9diteur responsable du site est Aurore Duveau \u2013 duveau.aurore@gmail.com<\/p>\n\n\n\n<h2>Politique de confidentialite<\/h2>\n\n\n\n<h3>Donnees personnelles<\/h3>\n\n\n\n<p>Les donn\u00e9es laiss\u00e9es en commentaire ou lors de l\u2019inscription \u00e0 la newsletter (email et\/ou nom) ne sont utilis\u00e9es que pour vous envoyer les informations demand\u00e9es ou pour r\u00e9pondre \u00e0 vos questions \u00e9ventuelles.&nbsp;Nous ne transmettons jamais vos donn\u00e9es \u00e0 des tiers ou partenaires.<\/p>\n\n\n\n<p>Conform\u00e9ment \u00e0 la loi europ\u00e9enne, vous avez le droit de modification et de suppression des donn\u00e9es qui vous concernent (email, nom ou tout autre information permettant de vous identifier), il suffit de nous en faire la demande par email : dubuisson.thomas@gmail.com.<\/p>\n\n\n\n<p>Responsable du traitement des donn\u00e9es: Thomas Dubuisson \u2013 dubuisson.thomas@gmail.com<\/p>\n\n\n\n<h3>Commentaires<\/h3>\n\n\n\n<p>Quand vous laissez un commentaire sur notre site web, les donn\u00e9es inscrites dans le formulaire de commentaire, mais aussi votre adresse IP et l\u2019agent utilisateur de votre navigateur sont collect\u00e9s pour nous aider \u00e0 la d\u00e9tection des commentaires ind\u00e9sirables.<\/p>\n\n\n\n<p>Une cha\u00eene anonymis\u00e9e cr\u00e9\u00e9e \u00e0 partir de votre adresse de messagerie (\u00e9galement appel\u00e9e hash) peut \u00eatre envoy\u00e9e au service Gravatar pour v\u00e9rifier si vous utilisez ce dernier. Les clauses de confidentialit\u00e9 du service Gravatar sont disponibles ici&nbsp;: https:\/\/automattic.com\/privacy\/. Apr\u00e8s validation de votre commentaire, votre photo de profil sera visible publiquement \u00e0 cot\u00e9 de votre commentaire.<\/p>\n\n\n\n<h3>Cookies<\/h3>\n\n\n\n<p>Si vous d\u00e9posez un commentaire sur notre site, il vous sera propos\u00e9 d\u2019enregistrer votre nom, adresse de messagerie et site web dans des cookies. C\u2019est uniquement pour votre confort afin de ne pas avoir \u00e0 saisir ces informations si vous d\u00e9posez un autre commentaire plus tard. Ces cookies expirent au bout d\u2019un an.<\/p>\n\n\n\n<p>Si vous avez un compte et que vous vous connectez sur ce site, un cookie temporaire sera cr\u00e9\u00e9 afin de d\u00e9terminer si votre navigateur accepte les cookies. Il ne contient pas de donn\u00e9es personnelles et sera supprim\u00e9 automatiquement \u00e0 la fermeture de votre navigateur.<\/p>\n\n\n\n<p>Lorsque vous vous connecterez, nous mettrons en place un certain nombre de cookies pour enregistrer vos informations de connexion et vos pr\u00e9f\u00e9rences d\u2019\u00e9cran. La dur\u00e9e de vie d\u2019un cookie de connexion est de deux jours, celle d\u2019un cookie d\u2019option d\u2019\u00e9cran est d\u2019un an. Si vous cochez \u00ab&nbsp;Se souvenir de moi&nbsp;\u00bb, votre cookie de connexion sera conserv\u00e9 pendant deux semaines. Si vous vous d\u00e9connectez de votre compte, le cookie de connexion sera effac\u00e9.<\/p>\n\n\n\n<p>En modifiant ou en publiant une publication, un cookie suppl\u00e9mentaire sera enregistr\u00e9 dans votre navigateur. Ce cookie ne comprend aucune donn\u00e9e personnelle. Il indique simplement l\u2019ID de la publication que vous venez de modifier. Il expire au bout d\u2019un jour.<\/p>\n\n\n\n<h3>Contenu embarque depuis d\u2019autres sites<\/h3>\n\n\n\n<p>Les articles de ce site peuvent inclure des contenus int\u00e9gr\u00e9s (par exemple des vid\u00e9os, images, articles\u2026). Le contenu int\u00e9gr\u00e9 depuis d\u2019autres sites se comporte de la m\u00eame mani\u00e8re que si le visiteur se rendait sur cet autre site.<\/p>\n\n\n\n<p>Ces sites web pourraient collecter des donn\u00e9es sur vous, utiliser des cookies, embarquer des outils de suivis tiers, suivre vos interactions avec ces contenus embarqu\u00e9s si vous disposez d\u2019un compte connect\u00e9 sur leur site web.<\/p>\n\n\n\n<h2>Utilisation et transmission de vos donnees personnelles<\/h2>\n\n\n\n<h3>Dur\u00e9es de stockage de vos donnees<\/h3>\n\n\n\n<p>Si vous laissez un commentaire, le commentaire et ses m\u00e9tadonn\u00e9es sont conserv\u00e9s ind\u00e9finiment. Cela permet de reconna\u00eetre et approuver automatiquement les commentaires suivants au lieu de les laisser dans la file de mod\u00e9ration.<\/p>\n\n\n\n<h3>Les droits que vous avez sur vos donnees<\/h3>\n\n\n\n<p>Si vous avez un compte ou si vous avez laiss\u00e9 des commentaires sur le site, vous pouvez demander \u00e0 recevoir un fichier contenant toutes les donn\u00e9es personnelles que nous poss\u00e9dons \u00e0 votre sujet, incluant celles que vous nous avez fournies. Vous pouvez \u00e9galement demander la suppression des donn\u00e9es personnelles vous concernant. Cela ne prend pas en compte les donn\u00e9es stock\u00e9es \u00e0 des fins administratives, l\u00e9gales ou pour des raisons de s\u00e9curit\u00e9.<\/p>\n\n\n\n<h3>Transmission de vos donnees personnelles<\/h3>\n\n\n\n<p>Les commentaires des visiteurs peuvent \u00eatre v\u00e9rifi\u00e9s \u00e0 l\u2019aide d\u2019un service automatis\u00e9 de d\u00e9tection des commentaires ind\u00e9sirables.<\/p>\n\n\n\n<h2>Propriete Intellectuelle<\/h2>\n\n\n\n<p>Les \u00e9l\u00e9ments suivants sont la&nbsp;<strong>proprit\u00e9t\u00e9 intellectuelle de l\u2019\u00e9diteur du site,<\/strong>&nbsp;et ne peuvent \u00eatre utilis\u00e9s sur d\u2019autres supports, compl\u00e8tement ou partiellement, sans son autorisation.<\/p>\n\n\n\n<h3>Photos et illustrations<\/h3>\n\n\n\n<p>Sauf mention contraire dans la l\u00e9gende, les photos et illustrations sont la propri\u00e9t\u00e9&nbsp;exclusive&nbsp;de Le Monstre Du Placard \u2013 Aurore Duveau. Elles ne peuvent donc&nbsp;<strong>pas<\/strong>&nbsp;\u00eatre utilis\u00e9e sans accord. Seul le partage de photos et illustrations sur les r\u00e9seaux sociaux (Facebook, Instagram, Pinterest) mentionnant explicitement lemonstreduplacard.be et le nom d\u2019utilisateur correspondant au r\u00e9seau social en question (@lemonstreduplacard,  @le.monstre.du.placard) est autoris\u00e9.&nbsp;L\u2019utilisation dans des articles, magazines, journaux, etc n\u2019est pas autoris\u00e9e et n\u2019est pas libre de droit.<\/p>\n\n\n\n<p>Si vous souhaitez acqu\u00e9rir une photo pour une utilisation autre que celle d\u00e9crite ci-dessus, veuillez nous contacter (Aurore Duveau \u2013 duveau.aurore@gmail.com).<\/p>\n\n\n\n<h3>Articles<\/h3>\n\n\n\n<p>Les courtes citations du contenu (extrait d\u2019article) sont autoris\u00e9es, sous r\u00e9serve que soient indiqu\u00e9s clairement le nom de l\u2019auteur et de la source, par le biais d\u2019un lien vers une des pages de ce site web :<\/p>\n\n\n\n<ul><li>sur un site web ou un blog, dans les conditions suivantes :&nbsp;limitation \u00e0 300 caract\u00e8res, suivis de la mention \u00ab Source : \u00bb suivie d\u2019un lien compos\u00e9 de l\u2019URL de l\u2019article d\u2019origine. Le lien ne doit pas comporter d\u2019attribut \u00ab rel=&nbsp;\u00bbnofollow&nbsp;\u00bb \u00bb<\/li><li>sur un support papier (presse \u00e9crite), dans les conditions suivantes :&nbsp;limitation \u00e0 500 caract\u00e8res, pr\u00e9c\u00e9d\u00e9s ou suivis de la mention \u00ab Source : www.lemonstreduplacard.be \u00bb<\/li><\/ul>\n\n\n\n<p>Si vous souhaitez acqu\u00e9rir un texte pour une utilisation autre que celle d\u00e9crite ci-dessus, veuillez nous contacter (Aurore Duveau \u2013 duveau.aurore@gmail.com).<\/p>\n\n\n\n<p>Pour rappel,&nbsp;<strong>la violation des droits d\u2019auteurs est constitutive du d\u00e9lit de contrefa\u00e7on.<\/strong><\/p>\n\n\n\n<h2>Limite de responsabilite<\/h2>\n\n\n\n<p>Les propos tenus sur ce blog sont l\u2019expression d\u2019opinions personnelles et non exclusives. Les liens hypertextes vers des sites externes ont pour vocation de vous permettre d\u2019approfondir un sujet ou de mentionner une source.<\/p>\n\n\n\n<p>Nous ne pouvons pas \u00eatre tenus responsables d\u2019un probl\u00e8me d\u2019acc\u00e8s \u00e0 ce site internet (li\u00e9 \u00e0 une maintenance ou probl\u00e8me informatique).<\/p>\n\n\n\n<p>Nous nous r\u00e9servons le droit de mod\u00e9rer, modifier ou supprimer tout commentaire. Le non respect de l\u2019une des r\u00e8gles suivantes entra\u00eene la suppression du commentaire &nbsp;:<\/p>\n\n\n\n<ul><li>Commentaires diffamatoires, racistes, pornographiques, p\u00e9dophiles, incitant \u00e0 d\u00e9lit, crime ou suicide<\/li><li>Commentaires reproduisant une correspondance priv\u00e9e sans l\u2019accord des personnes concern\u00e9es<\/li><li>Commentaires agressifs ou vulgaires<\/li><li>Commentaires visant uniquement \u00e0 mettre en ligne un lien vers un site ext\u00e9rieur<\/li><\/ul>\n","protected":false},"excerpt":{"rendered":"<p>Presentation du site Le monstre du placard (http:\/\/www.lemonstreduplacard.be) est un blog personnel&nbsp;h\u00e9berg\u00e9 chez&nbsp;OVH, dont le si\u00e8ge social est sis 2 rue Kellermann \u2013 59100 Roubaix \u2013 France. L\u2019\u00e9diteur responsable du site est Aurore Duveau \u2013 duveau.aurore@gmail.com Politique de confidentialite Donnees personnelles Les donn\u00e9es laiss\u00e9es en commentaire ou lors de l\u2019inscription&#8230;<\/p>\n<p class=\"continue-reading-button\"> <a class=\"continue-reading-link\" href=\"https:\/\/lemonstreduplacard.be\/?page_id=3\">Lire la suite<i class=\"crycon-right-dir\"><\/i><\/a><\/p>\n","protected":false},"author":1,"featured_media":0,"parent":0,"menu_order":0,"comment_status":"closed","ping_status":"open","template":"","meta":{"spay_email":""},"_links":{"self":[{"href":"https:\/\/lemonstreduplacard.be\/index.php?rest_route=\/wp\/v2\/pages\/3"}],"collection":[{"href":"https:\/\/lemonstreduplacard.be\/index.php?rest_route=\/wp\/v2\/pages"}],"about":[{"href":"https:\/\/lemonstreduplacard.be\/index.php?rest_route=\/wp\/v2\/types\/page"}],"author":[{"embeddable":true,"href":"https:\/\/lemonstreduplacard.be\/index.php?rest_route=\/wp\/v2\/users\/1"}],"replies":[{"embeddable":true,"href":"https:\/\/lemonstreduplacard.be\/index.php?rest_route=%2Fwp%2Fv2%2Fcomments&post=3"}],"version-history":[{"count":3,"href":"https:\/\/lemonstreduplacard.be\/index.php?rest_route=\/wp\/v2\/pages\/3\/revisions"}],"predecessor-version":[{"id":125,"href":"https:\/\/lemonstreduplacard.be\/index.php?rest_route=\/wp\/v2\/pages\/3\/revisions\/125"}],"wp:attachment":[{"href":"https:\/\/lemonstreduplacard.be\/index.php?rest_route=%2Fwp%2Fv2%2Fmedia&parent=3"}],"curies":[{"name":"wp","href":"https:\/\/api.w.org\/{rel}","templated":true}]}}